{"id":43,"date":"2018-04-25T06:15:35","date_gmt":"2018-04-25T06:15:35","guid":{"rendered":"http:\/\/magnoliacrowne.com\/?page_id=4"},"modified":"2021-03-18T15:37:48","modified_gmt":"2021-03-18T21:37:48","slug":"home-2","status":"publish","type":"page","link":"https:\/\/magnoliacrowne.com\/es\/","title":{"rendered":"Inicio"},"content":{"rendered":"<p>\u00a1Bienvenidos a nuestra impresa! Si llegaste aqu\u00ed, es muy probable que est\u00e1s buscando ayuda en una traducci\u00f3n o interpretaci\u00f3n para un proyecto o una conferencia importante o est\u00e1s buscando ayuda navegando por un asunto de vida o de negocio.\u00a0 Sabemos que cualquiera de estas situaciones tendr\u00e1 un gran impacto. De igual manera, sabemos que encontrar un servicio de traducci\u00f3n o un servicio de coaching que sea confiable, eficiente, y profesional puede ser dif\u00edcil de encontrar. \u00a1Gracias por llegar aqu\u00ed! Nuestros servicios de Traducci\u00f3n e Interpretaci\u00f3n de Ingl\u00e9s y Espa\u00f1ol, as\u00ed como el de Coaching de Vida y de Organizaciones son nuestras dos \u00e1reas de gran experiencia. Haga clic la pesta\u00f1a especifica de inter\u00e9s localizada arriba para m\u00e1s informaci\u00f3n sobre cada uno de los servicios que proveemos. \u00a1Tambi\u00e9n se puede comunicar con nosotros y nuestra oficina muy cordialmente le contestara cualquier pregunta que usted pueda tener!<\/p>","protected":false},"excerpt":{"rendered":"<p>\u00a1Bienvenidos a nuestra impresa! Si llegaste aqu\u00ed, es muy probable que est\u00e1s buscando ayuda en una traducci\u00f3n o interpretaci\u00f3n para un proyecto o una conferencia importante o est\u00e1s buscando ayuda navegando por un asunto de vida o de negocio.\u00a0 Sabemos que cualquiera de estas situaciones tendr\u00e1 un gran impacto. De igual manera, sabemos que encontrar&hellip; <a href=\"https:\/\/magnoliacrowne.com\/es\/\" class=\"more-link\">Seguir leyendo <span class=\"screen-reader-text\">Inicio<\/span><\/a><\/p>\n","protected":false},"author":2,"featured_media":241,"parent":0,"menu_order":1,"comment_status":"closed","ping_status":"closed","template":"","meta":{"footnotes":""},"tags":[10,11,15,17,23,25,26,28,32,33,34,35,51,52,54,58,59],"class_list":["post-43","page","type-page","status-publish","has-post-thumbnail","hentry","tag-coaches","tag-coaching","tag-el-paso-interpreters","tag-el-paso-translators","tag-in-el-paso","tag-interpretating","tag-interpretation-in-el-paso","tag-interpretation-services","tag-life-coach-in-texas","tag-life-coaches","tag-life-coaches-el-paso","tag-life-coaching","tag-texas-translators","tag-translating","tag-translation-services","tag-translators-in-el-paso","tag-translators-in-texas","without-featured-image"],"jetpack-related-posts":[],"jetpack_sharing_enabled":true,"_links":{"self":[{"href":"https:\/\/magnoliacrowne.com\/es\/wp-json\/wp\/v2\/pages\/43","targetHints":{"allow":["GET"]}}],"collection":[{"href":"https:\/\/magnoliacrowne.com\/es\/wp-json\/wp\/v2\/pages"}],"about":[{"href":"https:\/\/magnoliacrowne.com\/es\/wp-json\/wp\/v2\/types\/page"}],"author":[{"embeddable":true,"href":"https:\/\/magnoliacrowne.com\/es\/wp-json\/wp\/v2\/users\/2"}],"replies":[{"embeddable":true,"href":"https:\/\/magnoliacrowne.com\/es\/wp-json\/wp\/v2\/comments?post=43"}],"version-history":[{"count":2,"href":"https:\/\/magnoliacrowne.com\/es\/wp-json\/wp\/v2\/pages\/43\/revisions"}],"predecessor-version":[{"id":1542,"href":"https:\/\/magnoliacrowne.com\/es\/wp-json\/wp\/v2\/pages\/43\/revisions\/1542"}],"wp:featuredmedia":[{"embeddable":true,"href":"https:\/\/magnoliacrowne.com\/es\/wp-json\/wp\/v2\/media\/241"}],"wp:attachment":[{"href":"https:\/\/magnoliacrowne.com\/es\/wp-json\/wp\/v2\/media?parent=43"}],"wp:term":[{"taxonomy":"post_tag","embeddable":true,"href":"https:\/\/magnoliacrowne.com\/es\/wp-json\/wp\/v2\/tags?post=43"}],"curies":[{"name":"wp","href":"https:\/\/api.w.org\/{rel}","templated":true}]}}