{"id":47,"date":"2018-05-21T19:19:37","date_gmt":"2018-05-21T19:19:37","guid":{"rendered":"http:\/\/magnoliacrowne.com\/?page_id=19"},"modified":"2021-03-18T15:59:52","modified_gmt":"2021-03-18T21:59:52","slug":"our-core-values","status":"publish","type":"page","link":"https:\/\/magnoliacrowne.com\/es\/our-core-values\/","title":{"rendered":"Nuestros Valores"},"content":{"rendered":"<div class=\"wp-block-group\"><div class=\"wp-block-group__inner-container is-layout-flow wp-block-group-is-layout-flow\">\n<div class=\"wp-block-group\"><div class=\"wp-block-group__inner-container is-layout-flow wp-block-group-is-layout-flow\">\n<p><\/p>\n\n\n\n<p><strong>INTEGRIDAD<\/strong> \u2013 En cada transacci\u00f3n, en cada trabajo o proyecto, y en cada conversaci\u00f3n a\u00fan cuando nadie esta viendo.<\/p>\n\n\n\n<p class=\"has-normal-font-size\"><strong>RENDIR<\/strong> <strong>CUENTAS<\/strong> \u2013 Al proveer excelente servicio y entregar la mejor calidad en todo lo que hacemos con excelentes resultados.<\/p>\n\n\n\n<p class=\"has-normal-font-size\"><strong>INOVAR<\/strong> \u2013 Reuniendo nuestros recursos y creando exitosas soluciones para poder impactar en gran manera a las personas y a las organizaciones a quienes brindamos nuestros servicios.<\/p>\n\n\n\n<p class=\"has-normal-font-size\"><strong>DESEMPE\u00d1O<\/strong> \u2013 Al superar las expectativas y ofrecer lo mejor en todo lo que hacemos.<\/p>\n\n\n\n<p class=\"has-normal-font-size\"><strong>CONSORCIO<\/strong> \u2013 Al dedicarnos a nuestros clientes y empleados y tratar a cada persona con la dignidad y el respeto por el gran valor que cada uno posee.<\/p>\n<\/div><\/div>\n\n\n\n<h2 class=\"wp-block-heading\"><\/h2>","protected":false},"excerpt":{"rendered":"<p>INTEGRIDAD \u2013 En cada transacci\u00f3n, en cada trabajo o proyecto, y en cada conversaci\u00f3n a\u00fan cuando nadie esta viendo. RENDIR CUENTAS \u2013 Al proveer excelente servicio y entregar la mejor calidad en todo lo que hacemos con excelentes resultados. INOVAR \u2013 Reuniendo nuestros recursos y creando exitosas soluciones para poder impactar en gran manera a&hellip; <a href=\"https:\/\/magnoliacrowne.com\/es\/our-core-values\/\" class=\"more-link\">Seguir leyendo <span class=\"screen-reader-text\">Nuestros Valores<\/span><\/a><\/p>\n","protected":false},"author":2,"featured_media":0,"parent":0,"menu_order":0,"comment_status":"closed","ping_status":"closed","template":"","meta":{"footnotes":""},"tags":[],"class_list":["post-47","page","type-page","status-publish","hentry","without-featured-image"],"jetpack-related-posts":[],"jetpack_sharing_enabled":false,"_links":{"self":[{"href":"https:\/\/magnoliacrowne.com\/es\/wp-json\/wp\/v2\/pages\/47","targetHints":{"allow":["GET"]}}],"collection":[{"href":"https:\/\/magnoliacrowne.com\/es\/wp-json\/wp\/v2\/pages"}],"about":[{"href":"https:\/\/magnoliacrowne.com\/es\/wp-json\/wp\/v2\/types\/page"}],"author":[{"embeddable":true,"href":"https:\/\/magnoliacrowne.com\/es\/wp-json\/wp\/v2\/users\/2"}],"replies":[{"embeddable":true,"href":"https:\/\/magnoliacrowne.com\/es\/wp-json\/wp\/v2\/comments?post=47"}],"version-history":[{"count":7,"href":"https:\/\/magnoliacrowne.com\/es\/wp-json\/wp\/v2\/pages\/47\/revisions"}],"predecessor-version":[{"id":1551,"href":"https:\/\/magnoliacrowne.com\/es\/wp-json\/wp\/v2\/pages\/47\/revisions\/1551"}],"wp:attachment":[{"href":"https:\/\/magnoliacrowne.com\/es\/wp-json\/wp\/v2\/media?parent=47"}],"wp:term":[{"taxonomy":"post_tag","embeddable":true,"href":"https:\/\/magnoliacrowne.com\/es\/wp-json\/wp\/v2\/tags?post=47"}],"curies":[{"name":"wp","href":"https:\/\/api.w.org\/{rel}","templated":true}]}}