{"id":58,"date":"2018-06-12T20:48:49","date_gmt":"2018-06-12T20:48:49","guid":{"rendered":"http:\/\/magnoliacrowne.com\/?page_id=58"},"modified":"2024-02-10T01:36:16","modified_gmt":"2024-02-10T08:36:16","slug":"life-or-organization-coach","status":"publish","type":"page","link":"https:\/\/magnoliacrowne.com\/es\/life-or-organization-coach\/","title":{"rendered":"Coaching de Vida y Organizaciones"},"content":{"rendered":"<p><\/p>\n\n\n\n<p>Si necesita un coach de vida u organizaci\u00f3n que simplemente lo acompa\u00f1e en la vida o si desea obtener los mejores resultados de los miembros de su equipo y su organizaci\u00f3n, ll\u00e1menos. \u00a1El cielo es el l\u00edmite, hazlo realidad! \u00a1Nos asociaremos con usted para desbloquear todo su potencial! Nuestros coaches organizacionales y de vida en Magnolia Crowne son coaches profesionales certificados a trav\u00e9s del Organizational Leadership Coaching Institute.<\/p>\n\n\n\n<h3 class=\"wp-block-heading\"><strong>\u00bfQu\u00e9 es un coach de vida u organizaci\u00f3n?<\/strong><\/h3>\n\n\n\n<p>Un coach de vida u organizaci\u00f3n colabora con los clientes en un proceso creativo y estimulante que los inspira a maximizar su potencial personal y profesional, lo cual es particularmente importante en el entorno incierto y complejo de hoy. Los coaches honran al cliente como el experto en su vida y trabajo y creen que cada cliente es creativo, ingenioso y completo. Sobre esta base, la responsabilidad del entrenador es:<\/p>\n\n\n\n<ul class=\"wp-block-list\">\n<li>Descubrir, aclarar y alinearse con lo que el cliente quiere lograr<\/li>\n\n\n\n<li>Fomentar el autodescubrimiento del cliente<\/li>\n\n\n\n<li>Obtener soluciones y estrategias generadas por el cliente.<\/li>\n\n\n\n<li>Hacer responsable y rendir cuentas al cliente<\/li>\n<\/ul>\n\n\n\n<p>Este proceso ayuda a los clientes a mejorar dr\u00e1sticamente su perspectiva sobre el trabajo y la vida, al mismo tiempo que mejoran sus habilidades de liderazgo y liberan su potencial. <a href=\"http:\/\/magnoliacrowne.com\/coaching\">Leer m\u00e1s\u2026<\/a><\/p>\n\n\n\n<p><\/p>","protected":false},"excerpt":{"rendered":"<p>Si necesita un coach de vida u organizaci\u00f3n que simplemente lo acompa\u00f1e en la vida o si desea obtener los mejores resultados de los miembros de su equipo y su organizaci\u00f3n, ll\u00e1menos. \u00a1El cielo es el l\u00edmite, hazlo realidad! \u00a1Nos asociaremos con usted para desbloquear todo su potencial! Nuestros coaches organizacionales y de vida en&hellip; <a href=\"https:\/\/magnoliacrowne.com\/es\/life-or-organization-coach\/\" class=\"more-link\">Seguir leyendo <span class=\"screen-reader-text\">Coaching de Vida y Organizaciones<\/span><\/a><\/p>\n","protected":false},"author":2,"featured_media":244,"parent":0,"menu_order":0,"comment_status":"closed","ping_status":"closed","template":"","meta":{"footnotes":""},"tags":[8,16,31,32,33,34,37,39,40,41,42,43,44],"class_list":["post-58","page","type-page","status-publish","has-post-thumbnail","hentry","tag-certified-professional-coaches","tag-el-paso-life-coaches","tag-leadership-skills","tag-life-coach-in-texas","tag-life-coaches","tag-life-coaches-el-paso","tag-organizational-coaches","tag-personal-potential","tag-potential","tag-professional-coaches","tag-professional-coaching","tag-professional-potential","tag-self-discovery","without-featured-image"],"jetpack-related-posts":[],"jetpack_sharing_enabled":false,"_links":{"self":[{"href":"https:\/\/magnoliacrowne.com\/es\/wp-json\/wp\/v2\/pages\/58","targetHints":{"allow":["GET"]}}],"collection":[{"href":"https:\/\/magnoliacrowne.com\/es\/wp-json\/wp\/v2\/pages"}],"about":[{"href":"https:\/\/magnoliacrowne.com\/es\/wp-json\/wp\/v2\/types\/page"}],"author":[{"embeddable":true,"href":"https:\/\/magnoliacrowne.com\/es\/wp-json\/wp\/v2\/users\/2"}],"replies":[{"embeddable":true,"href":"https:\/\/magnoliacrowne.com\/es\/wp-json\/wp\/v2\/comments?post=58"}],"version-history":[{"count":14,"href":"https:\/\/magnoliacrowne.com\/es\/wp-json\/wp\/v2\/pages\/58\/revisions"}],"predecessor-version":[{"id":1725,"href":"https:\/\/magnoliacrowne.com\/es\/wp-json\/wp\/v2\/pages\/58\/revisions\/1725"}],"wp:featuredmedia":[{"embeddable":true,"href":"https:\/\/magnoliacrowne.com\/es\/wp-json\/wp\/v2\/media\/244"}],"wp:attachment":[{"href":"https:\/\/magnoliacrowne.com\/es\/wp-json\/wp\/v2\/media?parent=58"}],"wp:term":[{"taxonomy":"post_tag","embeddable":true,"href":"https:\/\/magnoliacrowne.com\/es\/wp-json\/wp\/v2\/tags?post=58"}],"curies":[{"name":"wp","href":"https:\/\/api.w.org\/{rel}","templated":true}]}}