{"id":64,"date":"2018-06-26T04:44:34","date_gmt":"2018-06-26T04:44:34","guid":{"rendered":"http:\/\/magnoliacrowne.com\/?page_id=64"},"modified":"2018-06-26T04:44:34","modified_gmt":"2018-06-26T04:44:34","slug":"translation-and-interpretation","status":"publish","type":"page","link":"https:\/\/magnoliacrowne.com\/es\/translation-and-interpretation\/","title":{"rendered":"Traducci\u00f3n e Interpretaci\u00f3n"},"content":{"rendered":"<!-- wp:paragraph -->\n<p>Nuestra compa\u00f1\u00eda se especializa en la traducci\u00f3n e interpretaci\u00f3n en ingles y espa\u00f1ol. El tama\u00f1o del proyecto o el tema no interfiere con el objetivo de terminar el proyecto con profesionalismo. De igual manera podemos terminar cualquier material de una manera eficiente.&nbsp; \u00a1As\u00ed que, si es de un int\u00e9rprete que usted necesita, estamos a las ordenes! Para la corte, para un grupo peque\u00f1o, para una junta de negocios, o para una conferencia grande \u2013 s\u00f3lo env\u00edenos un correo electr\u00f3nico a <a href=\"mailto:Translations@magnoliacrowne.com\">Translations@magnoliacrowne.com<\/a>. La satisfacci\u00f3n de nuestro cliente u poder proveer un servicio profesional siempre es nuestro objetivo.<\/p>\n<!-- \/wp:paragraph -->\n\n<!-- wp:paragraph -->\n<p><strong>Precio Estimado Gratuito<\/strong><\/p>\n<!-- \/wp:paragraph -->\n\n<!-- wp:paragraph -->\n<p>Magnolia Crowne Translators &#038; Associates, LLC. le proveer\u00e1 con un precio estimado gratuito durante la fase del presupuesto para aclararle los precios antes de empezar el proyecto y as\u00ed ayudarle a evaluar si cierto proyecto de traducci\u00f3n seria bueno para usted a este tiempo. El precio final depender\u00e1 de la dificultad y el tipo del texto de origen.&nbsp;<\/p>\n<!-- \/wp:paragraph -->\n\n<!-- wp:paragraph -->\n<p><strong>Facturaci\u00f3n<\/strong><\/p>\n<!-- \/wp:paragraph -->\n\n<!-- wp:paragraph -->\n<p>Magnolia Crowne Translators &#038; Associates, LLC. normalmente requiere un 30% del pago en adelante. El siguiente 50% del pago al cumplir el 80% del proyecto. El ultimo 20% del pago al entregar el final 20% del producto. Para los clientes que tienen buen cr\u00e9dito con nosotros o que tienen una historia de buen pago, les podemos cobrar cada mes. Magnolia Crowne Translators &#038; Associates, LLC. trabajar\u00e1 con usted o su compa\u00f1\u00eda, de caso a caso, para alinear sus pagos de acuerdo con sus necesidades.<\/p>\n<!-- \/wp:paragraph -->","protected":false},"excerpt":{"rendered":"<p>Nuestra compa\u00f1\u00eda se especializa en la traducci\u00f3n e interpretaci\u00f3n en ingles y espa\u00f1ol. El tama\u00f1o del proyecto o el tema no interfiere con el objetivo de terminar el proyecto con profesionalismo. De igual manera podemos terminar cualquier material de una manera eficiente.&nbsp; \u00a1As\u00ed que, si es de un int\u00e9rprete que usted necesita, estamos a las&hellip; <a href=\"https:\/\/magnoliacrowne.com\/es\/translation-and-interpretation\/\" class=\"more-link\">Seguir leyendo <span class=\"screen-reader-text\">Traducci\u00f3n e Interpretaci\u00f3n<\/span><\/a><\/p>\n","protected":false},"author":2,"featured_media":80,"parent":0,"menu_order":0,"comment_status":"closed","ping_status":"closed","template":"","meta":{"footnotes":""},"tags":[14,17,18,19,23,29,46,50,53,55,56,57,60],"class_list":["post-64","page","type-page","status-publish","has-post-thumbnail","hentry","tag-el-paso","tag-el-paso-translators","tag-english","tag-fast-turnaround","tag-in-el-paso","tag-interpreter","tag-spanish","tag-texas","tag-translation","tag-translations","tag-translator","tag-translators","tag-tx","without-featured-image"],"jetpack-related-posts":[],"jetpack_sharing_enabled":false,"_links":{"self":[{"href":"https:\/\/magnoliacrowne.com\/es\/wp-json\/wp\/v2\/pages\/64","targetHints":{"allow":["GET"]}}],"collection":[{"href":"https:\/\/magnoliacrowne.com\/es\/wp-json\/wp\/v2\/pages"}],"about":[{"href":"https:\/\/magnoliacrowne.com\/es\/wp-json\/wp\/v2\/types\/page"}],"author":[{"embeddable":true,"href":"https:\/\/magnoliacrowne.com\/es\/wp-json\/wp\/v2\/users\/2"}],"replies":[{"embeddable":true,"href":"https:\/\/magnoliacrowne.com\/es\/wp-json\/wp\/v2\/comments?post=64"}],"version-history":[{"count":1,"href":"https:\/\/magnoliacrowne.com\/es\/wp-json\/wp\/v2\/pages\/64\/revisions"}],"predecessor-version":[{"id":1517,"href":"https:\/\/magnoliacrowne.com\/es\/wp-json\/wp\/v2\/pages\/64\/revisions\/1517"}],"wp:featuredmedia":[{"embeddable":true,"href":"https:\/\/magnoliacrowne.com\/es\/wp-json\/wp\/v2\/media\/80"}],"wp:attachment":[{"href":"https:\/\/magnoliacrowne.com\/es\/wp-json\/wp\/v2\/media?parent=64"}],"wp:term":[{"taxonomy":"post_tag","embeddable":true,"href":"https:\/\/magnoliacrowne.com\/es\/wp-json\/wp\/v2\/tags?post=64"}],"curies":[{"name":"wp","href":"https:\/\/api.w.org\/{rel}","templated":true}]}}